{"id":114,"date":"2020-06-20T10:08:00","date_gmt":"2020-06-20T13:08:00","guid":{"rendered":"http:\/\/saraivahonorio.adv.br\/?page_id=114"},"modified":"2020-06-20T10:31:28","modified_gmt":"2020-06-20T13:31:28","slug":"direito-de-familia-e-sucessoes","status":"publish","type":"page","link":"https:\/\/saraivahonorio.adv.br\/?page_id=114","title":{"rendered":"Direito de Fam\u00edlia e Sucess\u00f5es"},"content":{"rendered":"\n<p>O advento do Novo C\u00f3digo Civil trouxe significativas mudan\u00e7as para a legisla\u00e7\u00e3o p\u00e1tria, impactando principalmente a normatiza\u00e7\u00e3o concernente ao Direito de Fam\u00edlia e Sucess\u00f5es e os seus institutos jur\u00eddicos correlatos. A partir disso, foram atualizados conceitos acerca da compreens\u00e3o das transforma\u00e7\u00f5es no \u00e2mbito das rela\u00e7\u00f5es familiares, consubstanciados nos aspectos de seus v\u00ednculos pessoais, sociais, psicol\u00f3gicos e patrimoniais<\/p>\n","protected":false},"excerpt":{"rendered":"<p>O advento do Novo C\u00f3digo Civil trouxe significativas mudan\u00e7as para a legisla\u00e7\u00e3o p\u00e1tria, impactando principalmente a normatiza\u00e7\u00e3o concernente ao Direito de Fam\u00edlia e Sucess\u00f5es e os seus institutos jur\u00eddicos correlatos. A partir disso, foram atualizados conceitos acerca da compreens\u00e3o das transforma\u00e7\u00f5es no \u00e2mbito das rela\u00e7\u00f5es familiares, consubstanciados nos aspectos de seus v\u00ednculos pessoais, sociais, psicol\u00f3gicos [&hellip;]<\/p>\n","protected":false},"author":1,"featured_media":123,"parent":0,"menu_order":0,"comment_status":"closed","ping_status":"closed","template":"","meta":{"_monsterinsights_skip_tracking":false,"_monsterinsights_sitenote_active":false,"_monsterinsights_sitenote_note":"","_monsterinsights_sitenote_category":0,"footnotes":""},"class_list":["post-114","page","type-page","status-publish","has-post-thumbnail","hentry"],"aioseo_notices":[],"amp_enabled":true,"_links":{"self":[{"href":"https:\/\/saraivahonorio.adv.br\/index.php?rest_route=\/wp\/v2\/pages\/114","targetHints":{"allow":["GET"]}}],"collection":[{"href":"https:\/\/saraivahonorio.adv.br\/index.php?rest_route=\/wp\/v2\/pages"}],"about":[{"href":"https:\/\/saraivahonorio.adv.br\/index.php?rest_route=\/wp\/v2\/types\/page"}],"author":[{"embeddable":true,"href":"https:\/\/saraivahonorio.adv.br\/index.php?rest_route=\/wp\/v2\/users\/1"}],"replies":[{"embeddable":true,"href":"https:\/\/saraivahonorio.adv.br\/index.php?rest_route=%2Fwp%2Fv2%2Fcomments&post=114"}],"version-history":[{"count":0,"href":"https:\/\/saraivahonorio.adv.br\/index.php?rest_route=\/wp\/v2\/pages\/114\/revisions"}],"wp:featuredmedia":[{"embeddable":true,"href":"https:\/\/saraivahonorio.adv.br\/index.php?rest_route=\/wp\/v2\/media\/123"}],"wp:attachment":[{"href":"https:\/\/saraivahonorio.adv.br\/index.php?rest_route=%2Fwp%2Fv2%2Fmedia&parent=114"}],"curies":[{"name":"wp","href":"https:\/\/api.w.org\/{rel}","templated":true}]}}