{"id":119,"date":"2020-06-20T10:14:12","date_gmt":"2020-06-20T13:14:12","guid":{"rendered":"http:\/\/saraivahonorio.adv.br\/?page_id=119"},"modified":"2020-06-20T10:29:05","modified_gmt":"2020-06-20T13:29:05","slug":"direito-civel","status":"publish","type":"page","link":"https:\/\/saraivahonorio.adv.br\/?page_id=119","title":{"rendered":"Direito C\u00edvel"},"content":{"rendered":"\n<p>O Direito Civil \u00e9 um dos ramos do Direito de maior abrang\u00eancia, pois atrav\u00e9s de um conjunto de normas, regulamenta as rela\u00e7\u00f5es pessoais e patrimoniais entre as pessoas, desde o momento da sua concep\u00e7\u00e3o at\u00e9 a morte.<br>Por isso, para auxiliar nossos clientes na preven\u00e7\u00e3o e resolu\u00e7\u00e3o de conflitos de natureza civil, decorrentes do dia-a-dia, nosso escrit\u00f3rio disponibiliza uma equipe capacitada para atend\u00ea-los nas seguintes quest\u00f5es:<\/p>\n\n\n\n<ul class=\"wp-block-list\"><li>Elabora\u00e7\u00e3o e revis\u00e3o de contratos;<\/li><li>Contratos banc\u00e1rios;<\/li><li>Renegocia\u00e7\u00f5es;<\/li><li>Indeniza\u00e7\u00f5es por danos materiais e morais;<\/li><li>Execu\u00e7\u00f5es e cobran\u00e7as;<\/li><li>Loca\u00e7\u00e3o, despejos e renovat\u00f3rias.<\/li><\/ul>\n","protected":false},"excerpt":{"rendered":"<p>O Direito Civil \u00e9 um dos ramos do Direito de maior abrang\u00eancia, pois atrav\u00e9s de um conjunto de normas, regulamenta as rela\u00e7\u00f5es pessoais e patrimoniais entre as pessoas, desde o momento da sua concep\u00e7\u00e3o at\u00e9 a morte.Por isso, para auxiliar nossos clientes na preven\u00e7\u00e3o e resolu\u00e7\u00e3o de conflitos de natureza civil, decorrentes do dia-a-dia, nosso [&hellip;]<\/p>\n","protected":false},"author":1,"featured_media":122,"parent":0,"menu_order":0,"comment_status":"closed","ping_status":"closed","template":"","meta":{"_monsterinsights_skip_tracking":false,"_monsterinsights_sitenote_active":false,"_monsterinsights_sitenote_note":"","_monsterinsights_sitenote_category":0,"footnotes":""},"class_list":["post-119","page","type-page","status-publish","has-post-thumbnail","hentry"],"aioseo_notices":[],"amp_enabled":true,"_links":{"self":[{"href":"https:\/\/saraivahonorio.adv.br\/index.php?rest_route=\/wp\/v2\/pages\/119","targetHints":{"allow":["GET"]}}],"collection":[{"href":"https:\/\/saraivahonorio.adv.br\/index.php?rest_route=\/wp\/v2\/pages"}],"about":[{"href":"https:\/\/saraivahonorio.adv.br\/index.php?rest_route=\/wp\/v2\/types\/page"}],"author":[{"embeddable":true,"href":"https:\/\/saraivahonorio.adv.br\/index.php?rest_route=\/wp\/v2\/users\/1"}],"replies":[{"embeddable":true,"href":"https:\/\/saraivahonorio.adv.br\/index.php?rest_route=%2Fwp%2Fv2%2Fcomments&post=119"}],"version-history":[{"count":0,"href":"https:\/\/saraivahonorio.adv.br\/index.php?rest_route=\/wp\/v2\/pages\/119\/revisions"}],"wp:featuredmedia":[{"embeddable":true,"href":"https:\/\/saraivahonorio.adv.br\/index.php?rest_route=\/wp\/v2\/media\/122"}],"wp:attachment":[{"href":"https:\/\/saraivahonorio.adv.br\/index.php?rest_route=%2Fwp%2Fv2%2Fmedia&parent=119"}],"curies":[{"name":"wp","href":"https:\/\/api.w.org\/{rel}","templated":true}]}}