{"id":18,"date":"2020-06-10T17:53:29","date_gmt":"2020-06-10T20:53:29","guid":{"rendered":"http:\/\/saraivahonorio.adv.br\/?page_id=18"},"modified":"2021-06-29T15:38:15","modified_gmt":"2021-06-29T18:38:15","slug":"home","status":"publish","type":"page","link":"https:\/\/saraivahonorio.adv.br\/","title":{"rendered":"Bem vindo"},"content":{"rendered":"\n<blockquote class=\"wp-block-quote is-layout-flow wp-block-quote-is-layout-flow\"><p>Seja bem vindo ao Site de Adv. Jeanne Paula Gon\u00e7alves Saraiva de Jesus Hon\u00f3rio<\/p><\/blockquote>\n\n\n\n<p>Advocacia Civil, Trabalhista e Previdenci\u00e1ria.<\/p>\n","protected":false},"excerpt":{"rendered":"<p>Seja bem vindo ao Site de Adv. Jeanne Paula Gon\u00e7alves Saraiva de Jesus Hon\u00f3rio Advocacia Civil, Trabalhista e Previdenci\u00e1ria.<\/p>\n","protected":false},"author":1,"featured_media":23,"parent":0,"menu_order":0,"comment_status":"closed","ping_status":"closed","template":"page-template\/custom-home-page.php","meta":{"_monsterinsights_skip_tracking":false,"_monsterinsights_sitenote_active":false,"_monsterinsights_sitenote_note":"","_monsterinsights_sitenote_category":0,"footnotes":""},"class_list":["post-18","page","type-page","status-publish","has-post-thumbnail","hentry"],"aioseo_notices":[],"amp_enabled":false,"_links":{"self":[{"href":"https:\/\/saraivahonorio.adv.br\/index.php?rest_route=\/wp\/v2\/pages\/18","targetHints":{"allow":["GET"]}}],"collection":[{"href":"https:\/\/saraivahonorio.adv.br\/index.php?rest_route=\/wp\/v2\/pages"}],"about":[{"href":"https:\/\/saraivahonorio.adv.br\/index.php?rest_route=\/wp\/v2\/types\/page"}],"author":[{"embeddable":true,"href":"https:\/\/saraivahonorio.adv.br\/index.php?rest_route=\/wp\/v2\/users\/1"}],"replies":[{"embeddable":true,"href":"https:\/\/saraivahonorio.adv.br\/index.php?rest_route=%2Fwp%2Fv2%2Fcomments&post=18"}],"version-history":[{"count":4,"href":"https:\/\/saraivahonorio.adv.br\/index.php?rest_route=\/wp\/v2\/pages\/18\/revisions"}],"predecessor-version":[{"id":149,"href":"https:\/\/saraivahonorio.adv.br\/index.php?rest_route=\/wp\/v2\/pages\/18\/revisions\/149"}],"wp:featuredmedia":[{"embeddable":true,"href":"https:\/\/saraivahonorio.adv.br\/index.php?rest_route=\/wp\/v2\/media\/23"}],"wp:attachment":[{"href":"https:\/\/saraivahonorio.adv.br\/index.php?rest_route=%2Fwp%2Fv2%2Fmedia&parent=18"}],"curies":[{"name":"wp","href":"https:\/\/api.w.org\/{rel}","templated":true}]}}